{"id":4521,"date":"2025-04-07T03:43:02","date_gmt":"2025-04-07T03:43:02","guid":{"rendered":"https:\/\/djerbagolfresort.com\/?page_id=4521"},"modified":"2025-04-20T07:45:39","modified_gmt":"2025-04-20T07:45:39","slug":"a-la-decouverte-de-djerba","status":"publish","type":"page","link":"http:\/\/djerbagolfresort.com\/fr\/a-la-decouverte-de-djerba\/","title":{"rendered":"A la d\u00e9couverte de Djerba"},"content":{"rendered":"\t\t<div data-elementor-type=\"wp-page\" data-elementor-id=\"4521\" class=\"elementor elementor-4521\">\n\t\t\t\t<div class=\"elementor-element elementor-element-6bfa5e1 e-con-full e-flex e-con e-parent\" data-id=\"6bfa5e1\" data-element_type=\"container\" data-e-type=\"container\">\n\t\t\t\t<div class=\"elementor-element elementor-element-780dc58 elementor-widget__width-inherit elementor-widget elementor-widget-sp-menu-layout\" data-id=\"780dc58\" data-element_type=\"widget\" data-e-type=\"widget\" data-widget_type=\"sp-menu-layout.default\">\n\t\t\t\t<div class=\"elementor-widget-container\">\n\t\t\t\t\t\r\n\t\t<div class=\"container\">\r\n\t\t\t<div class=\"row align-items-center cs_gap_y_40 style-2\">\r\n                    <div class=\"col-lg-6\">\r\n                        <div class=\"cs_image_layer cs_style_4 position-relative cs_bg_filed cs_width_left_50_vw\" style=\"background-image:url(https:\/\/djerbagolfresort.com\/wp-content\/uploads\/2025\/04\/decouverte_001.jpg)\"><\/div>\r\n                    <\/div>\r\n                    <div class=\"col-lg-6\">\r\n                        <div class=\"cs_pl_110\">\r\n                            <div class=\"cs_section_heading cs_style_1\">\r\n                                <p class=\"cs_section_subtitle cs_medium cs_letter_spacing_1 cs_mb_28 cs_mb_lg_15 text-uppercase\">L&#039;\u00eele de Djerba<\/p>\r\n                                <h2 class=\"cs_fs_67 cs_mb_18\">A la d\u00e9couverte de Djerba<\/h2>\r\n                                <p class=\"mb-0\"><p><strong>L\u2019\u00eele de Djerba<\/strong> est un bout de paradis, splendide par sa mer et ses plages, magnifique par son architecture typique, et tellement authentique par son histoire plusieurs fois mill\u00e9naire impr\u00e9gn\u00e9e de toutes les civilisations majeures.<\/p><\/p>\r\n                            <\/div>\r\n                        <\/div>\r\n                    <\/div>\r\n                    \r\n\t\t\t\t\r\n\t\t\t<\/div>\r\n\t\t<\/div>\t\t\t\t<\/div>\n\t\t\t\t<\/div>\n\t\t\t\t<div class=\"elementor-element elementor-element-a65cd87 elementor-widget__width-inherit elementor-widget elementor-widget-sp-menu-layout\" data-id=\"a65cd87\" data-element_type=\"widget\" data-e-type=\"widget\" data-widget_type=\"sp-menu-layout.default\">\n\t\t\t\t<div class=\"elementor-widget-container\">\n\t\t\t\t\t\r\n\t\t<div class=\"container\">\r\n\t\t\t<div class=\"row align-items-center cs_gap_y_40 cs_mobile_reverse\">\r\n                    <div class=\"col-lg-6\">\r\n                        <div class=\"cs_pr_110\">\r\n                            <div class=\"cs_section_heading cs_style_1\">\r\n                                <h2 class=\"cs_fs_67 cs_mb_18\"><\/h2>\r\n                                <p class=\"mb-0\"><p>Djerba la belle, comme l\u2019appelle ses amoureux, est la plus grande \u00eele du sud de la m\u00e9diterran\u00e9; elle fait face au d\u00e9sert tunisien et ses paysages magnifiques, et est \u00e0 moins de 2 heures de vol de l\u2019Europe.<\/p><\/p>\r\n                            <\/div>\r\n                        <\/div>\r\n                    <\/div>\r\n                    <div class=\"col-lg-6\">\r\n                        <div class=\"cs_image_layer cs_style_4 position-relative cs_bg_filed cs_width_right_50_vw\" style=\"background-image:url(https:\/\/djerbagolfresort.com\/wp-content\/uploads\/2025\/04\/decouverte_003a.jpg)\"><\/div>\r\n                    <\/div>\r\n\t\t\t\t\r\n\t\t\t<\/div>\r\n\t\t<\/div>\t\t\t\t<\/div>\n\t\t\t\t<\/div>\n\t\t\t\t<div class=\"elementor-element elementor-element-4127fdc elementor-widget__width-inherit elementor-widget elementor-widget-sp-menu-layout\" data-id=\"4127fdc\" data-element_type=\"widget\" data-e-type=\"widget\" data-widget_type=\"sp-menu-layout.default\">\n\t\t\t\t<div class=\"elementor-widget-container\">\n\t\t\t\t\t\r\n\t\t<div class=\"container\">\r\n\t\t\t<div class=\"row align-items-center cs_gap_y_40 style-2\">\r\n                    <div class=\"col-lg-6\">\r\n                        <div class=\"cs_image_layer cs_style_4 position-relative cs_bg_filed cs_width_left_50_vw\" style=\"background-image:url(https:\/\/djerbagolfresort.com\/wp-content\/uploads\/2025\/04\/decouverte_004.jpg)\"><\/div>\r\n                    <\/div>\r\n                    <div class=\"col-lg-6\">\r\n                        <div class=\"cs_pl_110\">\r\n                            <div class=\"cs_section_heading cs_style_1\">\r\n                                <h2 class=\"cs_fs_67 cs_mb_18\"><\/h2>\r\n                                <p class=\"mb-0\"><p>Elle doit son charme aussi \u00e0 la douceur temp\u00e9r\u00e9e de son climat tout au long de l\u2019ann\u00e9e (17\u00b0 en janvier et 34\u00b0 en ao\u00fbt), ainsi qu\u2019\u00e0 son ambiance unique, faite de farniente et de petits d\u00e9tails charmants et insaisissables.<\/p><\/p>\r\n                            <\/div>\r\n                        <\/div>\r\n                    <\/div>\r\n                    \r\n\t\t\t\t\r\n\t\t\t<\/div>\r\n\t\t<\/div>\t\t\t\t<\/div>\n\t\t\t\t<\/div>\n\t\t\t\t<div class=\"elementor-element elementor-element-ce7eefa elementor-widget__width-inherit elementor-widget elementor-widget-sp-menu-layout\" data-id=\"ce7eefa\" data-element_type=\"widget\" data-e-type=\"widget\" data-widget_type=\"sp-menu-layout.default\">\n\t\t\t\t<div class=\"elementor-widget-container\">\n\t\t\t\t\t\r\n\t\t<div class=\"container\">\r\n\t\t\t<div class=\"row align-items-center cs_gap_y_40 cs_mobile_reverse\">\r\n                    <div class=\"col-lg-6\">\r\n                        <div class=\"cs_pr_110\">\r\n                            <div class=\"cs_section_heading cs_style_1\">\r\n                                <h2 class=\"cs_fs_67 cs_mb_18\"><\/h2>\r\n                                <p class=\"mb-0\"><p><strong>D\u00e9couvrir l\u2019\u00eele de Djerba<\/strong> est un moment cl\u00e9 de votre s\u00e9jour, et plusieurs excursions sont \u00e0 recommander pour saisir toute sa beaut\u00e9: ses villages de p\u00eacheurs et de potiers, ses \u00e9talages et ses march\u00e9s traditionnels, ses monuments et vestiges historiques, le d\u00e9sert proche et ses oasis et palmeraies, et tant d\u2019autres d\u00e9couvertes qui susciteront votre \u00e9merveillement.<\/p><\/p>\r\n                            <\/div>\r\n                        <\/div>\r\n                    <\/div>\r\n                    <div class=\"col-lg-6\">\r\n                        <div class=\"cs_image_layer cs_style_4 position-relative cs_bg_filed cs_width_right_50_vw\" style=\"background-image:url(https:\/\/djerbagolfresort.com\/wp-content\/uploads\/2025\/04\/decouverte_002.jpg)\"><\/div>\r\n                    <\/div>\r\n\t\t\t\t\r\n\t\t\t<\/div>\r\n\t\t<\/div>\t\t\t\t<\/div>\n\t\t\t\t<\/div>\n\t\t\t\t<\/div>\n\t\t\t\t<\/div>\n\t\t","protected":false},"excerpt":{"rendered":"<p>L&#039;\u00eele de Djerba A la d\u00e9couverte de Djerba L\u2019\u00eele de Djerba est un bout de paradis, splendide par sa mer et ses plages, magnifique par son architecture typique, et tellement authentique par son histoire plusieurs fois mill\u00e9naire impr\u00e9gn\u00e9e de toutes les civilisations majeures. Djerba la belle, comme l\u2019appelle ses amoureux, est la plus grande \u00eele [&hellip;]<\/p>\n","protected":false},"author":1,"featured_media":0,"parent":0,"menu_order":0,"comment_status":"closed","ping_status":"closed","template":"","meta":{"_acf_changed":false,"footnotes":""},"class_list":["post-4521","page","type-page","status-publish","hentry"],"acf":[],"_links":{"self":[{"href":"http:\/\/djerbagolfresort.com\/fr\/wp-json\/wp\/v2\/pages\/4521","targetHints":{"allow":["GET"]}}],"collection":[{"href":"http:\/\/djerbagolfresort.com\/fr\/wp-json\/wp\/v2\/pages"}],"about":[{"href":"http:\/\/djerbagolfresort.com\/fr\/wp-json\/wp\/v2\/types\/page"}],"author":[{"embeddable":true,"href":"http:\/\/djerbagolfresort.com\/fr\/wp-json\/wp\/v2\/users\/1"}],"replies":[{"embeddable":true,"href":"http:\/\/djerbagolfresort.com\/fr\/wp-json\/wp\/v2\/comments?post=4521"}],"version-history":[{"count":22,"href":"http:\/\/djerbagolfresort.com\/fr\/wp-json\/wp\/v2\/pages\/4521\/revisions"}],"predecessor-version":[{"id":5081,"href":"http:\/\/djerbagolfresort.com\/fr\/wp-json\/wp\/v2\/pages\/4521\/revisions\/5081"}],"wp:attachment":[{"href":"http:\/\/djerbagolfresort.com\/fr\/wp-json\/wp\/v2\/media?parent=4521"}],"curies":[{"name":"wp","href":"https:\/\/api.w.org\/{rel}","templated":true}]}}