{"id":4548,"date":"2025-04-07T05:36:09","date_gmt":"2025-04-07T05:36:09","guid":{"rendered":"https:\/\/djerbagolfresort.com\/?page_id=4548"},"modified":"2026-03-27T12:05:10","modified_gmt":"2026-03-27T12:05:10","slug":"centre-de-congres","status":"publish","type":"page","link":"http:\/\/djerbagolfresort.com\/fr\/centre-de-congres\/","title":{"rendered":"Centre de Congr\u00e8s"},"content":{"rendered":"\t\t<div data-elementor-type=\"wp-page\" data-elementor-id=\"4548\" class=\"elementor elementor-4548\">\n\t\t\t\t<div class=\"elementor-element elementor-element-157456b e-con-full e-flex e-con e-parent\" data-id=\"157456b\" data-element_type=\"container\" data-e-type=\"container\">\n\t\t\t\t<div class=\"elementor-element elementor-element-b22903e elementor-widget elementor-widget-sp-feature-layout\" data-id=\"b22903e\" data-element_type=\"widget\" data-e-type=\"widget\" data-widget_type=\"sp-feature-layout.default\">\n\t\t\t\t<div class=\"elementor-widget-container\">\n\t\t\t\t\t\r\n        <!-- Start Feature Section -->\r\n        <section>\r\n            <div class=\"cs_feature_box cs_style_2 cs_type_1\">\r\n                <div class=\"container\">\r\n                    <div class=\"row cs_gap_y_50\">\r\n                        <div class=\"col-lg-6\">\r\n                            <div class=\"cs_feature_box_thumb cs_mb_55 cs_mb_lg_50\">\r\n                                <div class=\"cs_feature_thumb cs_bg_filed cs_primary_bg\" style=\"background-image:url(https:\/\/djerbagolfresort.com\/wp-content\/uploads\/2025\/05\/Conference-room-min.jpg)\"><\/div>\r\n                            <\/div>\r\n                            <div class=\"cs_pr_110\">\r\n                                <ul class=\"cs_feature_list cs_mp_0\">\r\n                                    <li>\r\n                                        <span class=\"cs_feature_icon cs_accent_bg cs_center rounded-circle\"><img decoding=\"async\" src=\"\" alt=\"\"><\/span>\r\n                                        <h3 class=\"cs_feature_title cs_fs_28 cs_mb_20\">Notre infrastructure d\u00e9di\u00e9e comprend:<\/h3>\r\n                                        <p class=\"mb-0\"><br>Une grande salle pl\u00e9ni\u00e8re spacieuse et modulable, capable d'accueillir jusqu'\u00e0 400\npersonnes, id\u00e9ale pour vos conf\u00e9rences, assembl\u00e9es g\u00e9n\u00e9rales ou d\u00eeners de gala.<br><br>\n\nDeux salles de sous-commission confortables, chacune d'une capacit\u00e9 de 25 personnes,\nparfaites pour des r\u00e9unions en petit comit\u00e9, des ateliers ou des sessions de travail cibl\u00e9es.<br><br>\n\nProfitez de nos \u00e9quipements technologiques de pointe et de l'expertise de notre \u00e9quipe\nd\u00e9di\u00e9e pour garantir le succ\u00e8s de votre \u00e9v\u00e9nement. Au Djerba Golf Resort & Spa, nous transformons vos objectifs en r\u00e9alisations m\u00e9morables.<\/p>\r\n                                    <\/li>\r\n                                <\/ul>\r\n                            <\/div>\r\n                        <\/div>\r\n                        <div class=\"col-lg-6 cs_mobile_reverse_sp cs_gap_y_40\">\r\n                            <div class=\"cs_height_30 cs_height_lg_0 cs_mobile_hide\"><\/div>\r\n                            <div class=\"cs_pl_110\">\r\n                                <p class=\"cs_section_subtitle cs_medium cs_letter_spacing_1 cs_mb_28 cs_mb_lg_15 text-uppercase\">Djerba Golf Resort &amp; Spa<\/p>\r\n                                <h2 class=\"cs_fs_67 cs_mb_26\">Salle de conf\u00e9rence<\/h2>\r\n                                <div class=\"cs_mb_67 cs_mb_lg_1\"><p>Organisez vos prochains \u00e9v\u00e9nements professionnels au Djerba Golf Resort &amp; Spa, une destination de choix pour des congr\u00e8s, s\u00e9minaires et conf\u00e9rences r\u00e9ussis. Nich\u00e9 au c\u0153ur de Djerba, notre centre de congr\u00e8s moderne et polyvalent est con\u00e7u pour r\u00e9pondre \u00e0 toutes vos exigences, combinant efficacit\u00e9, confort et un cadre inspirant<\/p><\/div>\r\n                            <\/div>\r\n                            <div class=\"cs_feature_box_thumb\">\r\n                                <div class=\"cs_feature_thumb cs_bg_filed cs_primary_bg\" style=\"background-image:url(https:\/\/djerbagolfresort.com\/wp-content\/uploads\/2025\/05\/Convention-Center-min.jpg)\"><\/div>\r\n                            <\/div>\r\n                        <\/div>\r\n                    <\/div>\r\n                <\/div>\r\n            <\/div>\r\n        <\/section>\r\n        <!-- End Feature Section -->\t\t\t\t<\/div>\n\t\t\t\t<\/div>\n\t\t\t\t<\/div>\n\t\t<div class=\"elementor-element elementor-element-b3ee273 e-flex e-con-boxed e-con e-parent\" data-id=\"b3ee273\" data-element_type=\"container\" data-e-type=\"container\" data-settings=\"{&quot;background_background&quot;:&quot;classic&quot;}\">\n\t\t\t\t\t<div class=\"e-con-inner\">\n\t\t<div class=\"elementor-element elementor-element-9eeb5b7 e-con-full e-flex e-con e-child\" data-id=\"9eeb5b7\" data-element_type=\"container\" data-e-type=\"container\">\n\t\t\t\t<div class=\"elementor-element elementor-element-49b2a8a elementor-widget elementor-widget-image\" data-id=\"49b2a8a\" data-element_type=\"widget\" data-e-type=\"widget\" data-widget_type=\"image.default\">\n\t\t\t\t<div class=\"elementor-widget-container\">\n\t\t\t\t\t\t\t\t\t\t\t\t\t\t\t<img fetchpriority=\"high\" decoding=\"async\" width=\"1000\" height=\"897\" src=\"https:\/\/djerbagolfresort.com\/wp-content\/uploads\/2025\/05\/Convention-Center-Stage-min.jpg\" class=\"attachment-full size-full wp-image-5253\" alt=\"\" srcset=\"https:\/\/djerbagolfresort.com\/wp-content\/uploads\/2025\/05\/Convention-Center-Stage-min.jpg 1000w, https:\/\/djerbagolfresort.com\/wp-content\/uploads\/2025\/05\/Convention-Center-Stage-min-300x269.jpg 300w, https:\/\/djerbagolfresort.com\/wp-content\/uploads\/2025\/05\/Convention-Center-Stage-min-768x689.jpg 768w, https:\/\/djerbagolfresort.com\/wp-content\/uploads\/2025\/05\/Convention-Center-Stage-min-13x12.jpg 13w\" sizes=\"(max-width: 1000px) 100vw, 1000px\" \/>\t\t\t\t\t\t\t\t\t\t\t\t\t\t\t<\/div>\n\t\t\t\t<\/div>\n\t\t\t\t<\/div>\n\t\t<div class=\"elementor-element elementor-element-71c7818 e-con-full e-flex e-con e-child\" data-id=\"71c7818\" data-element_type=\"container\" data-e-type=\"container\">\n\t\t\t\t<div class=\"elementor-element elementor-element-fbd3d13 elementor-widget__width-inherit elementor-widget elementor-widget-sp-premium-services\" data-id=\"fbd3d13\" data-element_type=\"widget\" data-e-type=\"widget\" data-widget_type=\"sp-premium-services.default\">\n\t\t\t\t<div class=\"elementor-widget-container\">\n\t\t\t\t\t\r\n\t\t<div class=\"pr-services\">\r\n\t\t\t<div class=\"cs_section_heading cs_style_1\">\r\n\t\t\t\t<div class=\"cs_section_heading\">\r\n\t\t\t\t\t<p class=\"cs_section_subtitle cs_medium cs_letter_spacing_1 cs_mb_28 cs_mb_lg_15 text-uppercase\"><\/p>\r\n\t\t\t\t\t<h2 class=\"cs_fs_67 mb-0\">Services<\/h2>\r\n\t\t\t\t<\/div>\r\n\t\t\t<\/div>\r\n\t\t\t<div class=\"cs_height_35 cs_height_lg_35\"><\/div>\r\n\t\t\t<ul class=\"cs_list cs_style_1 cs_mp_0\">\r\n\t\t\t\t<li>\r\n\t\t\t\t\t<svg width=\"25\" height=\"25\" viewBox=\"0 0 25 25\" fill=\"none\" xmlns=\"http:\/\/www.w3.org\/2000\/svg\">\r\n\t\t\t\t\t\t<g clip-path=\"url(.clip0_95_13)\">\r\n\t\t\t\t\t\t\t<path d=\"M24.9996 12.5001C24.9996 10.7334 24.1038 9.17611 22.7413 8.25736C23.0549 6.64486 22.5871 4.91048 21.3382 3.66048C20.0892 2.41152 18.3549 1.94382 16.7413 2.25736C15.8226 0.894857 14.2653 -0.000976562 12.4986 -0.000976562C10.7319 -0.000976562 9.17464 0.894857 8.25589 2.25736C6.64339 1.94382 4.90798 2.41152 3.65902 3.66048C2.41006 4.90944 1.94235 6.64382 2.25589 8.25736C0.893392 9.17611 -0.00244141 10.7334 -0.00244141 12.5001C-0.00244141 14.2667 0.893392 15.824 2.25589 16.7428C1.94235 18.3553 2.41006 20.0907 3.65902 21.3396C4.90798 22.5886 6.64235 23.0563 8.25589 22.7428C9.17464 24.1053 10.7319 25.0011 12.4986 25.0011C14.2653 25.0011 15.8226 24.1053 16.7413 22.7428C18.3538 23.0563 20.0892 22.5886 21.3382 21.3396C22.5871 20.0907 23.0549 18.3563 22.7413 16.7428C24.1038 15.824 24.9996 14.2667 24.9996 12.5001ZM12.4049 16.0615C12.0017 16.4646 11.4715 16.6657 10.9392 16.6657C10.4069 16.6657 9.87152 16.4626 9.46423 16.0563L6.56631 13.248L8.01735 11.7511L10.9267 14.5709L16.9778 8.63236L18.4403 10.1167L12.4049 16.0615Z\" fill=\"currentColor\"\/>\r\n\t\t\t\t\t\t<\/g>\r\n\t\t\t\t\t\t<defs>\r\n\t\t\t\t\t\t\t<clipPath class=\"clip0_95_13\">\r\n\t\t\t\t\t\t\t\t<rect width=\"25\" height=\"25\" fill=\"white\"\/>\r\n\t\t\t\t\t\t\t<\/clipPath>\r\n\t\t\t\t\t\t<\/defs>\r\n\t\t\t\t\t<\/svg>\r\n\t\t\t\t\tInternet Wifi (haut d\u00e9bit) gratuit dans tout l\u2019h\u00f4tel : chambres, salons du hall, bars, restaurants, int\u00e9rieur \/ ext\u00e9rieur, piscines, terrasses, plage, terrains de sport, etc.\r\n\t\t\t\t<\/li>\r\n\t\t\t\t<li>\r\n\t\t\t\t\t<svg width=\"25\" height=\"25\" viewBox=\"0 0 25 25\" fill=\"none\" xmlns=\"http:\/\/www.w3.org\/2000\/svg\">\r\n\t\t\t\t\t\t<g clip-path=\"url(.clip0_95_13)\">\r\n\t\t\t\t\t\t\t<path d=\"M24.9996 12.5001C24.9996 10.7334 24.1038 9.17611 22.7413 8.25736C23.0549 6.64486 22.5871 4.91048 21.3382 3.66048C20.0892 2.41152 18.3549 1.94382 16.7413 2.25736C15.8226 0.894857 14.2653 -0.000976562 12.4986 -0.000976562C10.7319 -0.000976562 9.17464 0.894857 8.25589 2.25736C6.64339 1.94382 4.90798 2.41152 3.65902 3.66048C2.41006 4.90944 1.94235 6.64382 2.25589 8.25736C0.893392 9.17611 -0.00244141 10.7334 -0.00244141 12.5001C-0.00244141 14.2667 0.893392 15.824 2.25589 16.7428C1.94235 18.3553 2.41006 20.0907 3.65902 21.3396C4.90798 22.5886 6.64235 23.0563 8.25589 22.7428C9.17464 24.1053 10.7319 25.0011 12.4986 25.0011C14.2653 25.0011 15.8226 24.1053 16.7413 22.7428C18.3538 23.0563 20.0892 22.5886 21.3382 21.3396C22.5871 20.0907 23.0549 18.3563 22.7413 16.7428C24.1038 15.824 24.9996 14.2667 24.9996 12.5001ZM12.4049 16.0615C12.0017 16.4646 11.4715 16.6657 10.9392 16.6657C10.4069 16.6657 9.87152 16.4626 9.46423 16.0563L6.56631 13.248L8.01735 11.7511L10.9267 14.5709L16.9778 8.63236L18.4403 10.1167L12.4049 16.0615Z\" fill=\"currentColor\"\/>\r\n\t\t\t\t\t\t<\/g>\r\n\t\t\t\t\t\t<defs>\r\n\t\t\t\t\t\t\t<clipPath class=\"clip0_95_13\">\r\n\t\t\t\t\t\t\t\t<rect width=\"25\" height=\"25\" fill=\"white\"\/>\r\n\t\t\t\t\t\t\t<\/clipPath>\r\n\t\t\t\t\t\t<\/defs>\r\n\t\t\t\t\t<\/svg>\r\n\t\t\t\t\tBanque : Service de change et distributeur automatique disponibles \u00e0 l\u2019h\u00f4tel.\r\n\t\t\t\t<\/li>\r\n\t\t\t\t<li>\r\n\t\t\t\t\t<svg width=\"25\" height=\"25\" viewBox=\"0 0 25 25\" fill=\"none\" xmlns=\"http:\/\/www.w3.org\/2000\/svg\">\r\n\t\t\t\t\t\t<g clip-path=\"url(.clip0_95_13)\">\r\n\t\t\t\t\t\t\t<path d=\"M24.9996 12.5001C24.9996 10.7334 24.1038 9.17611 22.7413 8.25736C23.0549 6.64486 22.5871 4.91048 21.3382 3.66048C20.0892 2.41152 18.3549 1.94382 16.7413 2.25736C15.8226 0.894857 14.2653 -0.000976562 12.4986 -0.000976562C10.7319 -0.000976562 9.17464 0.894857 8.25589 2.25736C6.64339 1.94382 4.90798 2.41152 3.65902 3.66048C2.41006 4.90944 1.94235 6.64382 2.25589 8.25736C0.893392 9.17611 -0.00244141 10.7334 -0.00244141 12.5001C-0.00244141 14.2667 0.893392 15.824 2.25589 16.7428C1.94235 18.3553 2.41006 20.0907 3.65902 21.3396C4.90798 22.5886 6.64235 23.0563 8.25589 22.7428C9.17464 24.1053 10.7319 25.0011 12.4986 25.0011C14.2653 25.0011 15.8226 24.1053 16.7413 22.7428C18.3538 23.0563 20.0892 22.5886 21.3382 21.3396C22.5871 20.0907 23.0549 18.3563 22.7413 16.7428C24.1038 15.824 24.9996 14.2667 24.9996 12.5001ZM12.4049 16.0615C12.0017 16.4646 11.4715 16.6657 10.9392 16.6657C10.4069 16.6657 9.87152 16.4626 9.46423 16.0563L6.56631 13.248L8.01735 11.7511L10.9267 14.5709L16.9778 8.63236L18.4403 10.1167L12.4049 16.0615Z\" fill=\"currentColor\"\/>\r\n\t\t\t\t\t\t<\/g>\r\n\t\t\t\t\t\t<defs>\r\n\t\t\t\t\t\t\t<clipPath class=\"clip0_95_13\">\r\n\t\t\t\t\t\t\t\t<rect width=\"25\" height=\"25\" fill=\"white\"\/>\r\n\t\t\t\t\t\t\t<\/clipPath>\r\n\t\t\t\t\t\t<\/defs>\r\n\t\t\t\t\t<\/svg>\r\n\t\t\t\t\tZones non-fumeurs : \u00e0 la r\u00e9ception, dans les restaurants et au bar du hall.\r\n\t\t\t\t<\/li>\r\n\t\t\t\t<li>\r\n\t\t\t\t\t<svg width=\"25\" height=\"25\" viewBox=\"0 0 25 25\" fill=\"none\" xmlns=\"http:\/\/www.w3.org\/2000\/svg\">\r\n\t\t\t\t\t\t<g clip-path=\"url(.clip0_95_13)\">\r\n\t\t\t\t\t\t\t<path d=\"M24.9996 12.5001C24.9996 10.7334 24.1038 9.17611 22.7413 8.25736C23.0549 6.64486 22.5871 4.91048 21.3382 3.66048C20.0892 2.41152 18.3549 1.94382 16.7413 2.25736C15.8226 0.894857 14.2653 -0.000976562 12.4986 -0.000976562C10.7319 -0.000976562 9.17464 0.894857 8.25589 2.25736C6.64339 1.94382 4.90798 2.41152 3.65902 3.66048C2.41006 4.90944 1.94235 6.64382 2.25589 8.25736C0.893392 9.17611 -0.00244141 10.7334 -0.00244141 12.5001C-0.00244141 14.2667 0.893392 15.824 2.25589 16.7428C1.94235 18.3553 2.41006 20.0907 3.65902 21.3396C4.90798 22.5886 6.64235 23.0563 8.25589 22.7428C9.17464 24.1053 10.7319 25.0011 12.4986 25.0011C14.2653 25.0011 15.8226 24.1053 16.7413 22.7428C18.3538 23.0563 20.0892 22.5886 21.3382 21.3396C22.5871 20.0907 23.0549 18.3563 22.7413 16.7428C24.1038 15.824 24.9996 14.2667 24.9996 12.5001ZM12.4049 16.0615C12.0017 16.4646 11.4715 16.6657 10.9392 16.6657C10.4069 16.6657 9.87152 16.4626 9.46423 16.0563L6.56631 13.248L8.01735 11.7511L10.9267 14.5709L16.9778 8.63236L18.4403 10.1167L12.4049 16.0615Z\" fill=\"currentColor\"\/>\r\n\t\t\t\t\t\t<\/g>\r\n\t\t\t\t\t\t<defs>\r\n\t\t\t\t\t\t\t<clipPath class=\"clip0_95_13\">\r\n\t\t\t\t\t\t\t\t<rect width=\"25\" height=\"25\" fill=\"white\"\/>\r\n\t\t\t\t\t\t\t<\/clipPath>\r\n\t\t\t\t\t\t<\/defs>\r\n\t\t\t\t\t<\/svg>\r\n\t\t\t\t\tDivers : garderie, m\u00e9decin, pharmacie, blanchisserie, location de voitures, \u00e9quitation, excursions.\r\n\t\t\t\t<\/li>\r\n\t\t\t<\/ul>\r\n\t\t\t<div class=\"cs_height_48 cs_height_lg_30\"><\/div>\r\n\t\t\t<a href=\"#\" class=\"cs_btn cs_style_2 cs_medium cs_radius_5 cs_fs_15\">\r\n\t\t\tLearn More\r\n\t\t\t\t<span>\r\n\t\t\t\t\t<i>\r\n\t\t\t\t\t\t<svg width=\"9\" height=\"9\" viewBox=\"0 0 9 9\" fill=\"none\" xmlns=\"http:\/\/www.w3.org\/2000\/svg\">\r\n\t\t\t\t\t\t\t<path d=\"M9.00431 0.872828C9.00431 0.458614 8.66852 0.122828 8.25431 0.122828L1.50431 0.122827C1.0901 0.122827 0.754309 0.458614 0.754309 0.872828C0.754309 1.28704 1.0901 1.62283 1.50431 1.62283H7.50431V7.62283C7.50431 8.03704 7.84009 8.37283 8.25431 8.37283C8.66852 8.37283 9.00431 8.03704 9.00431 7.62283L9.00431 0.872828ZM1.53033 8.65747L8.78464 1.40316L7.72398 0.342497L0.46967 7.59681L1.53033 8.65747Z\" fill=\"currentColor\"><\/path>\r\n\t\t\t\t\t\t<\/svg>\r\n\t\t\t\t\t<\/i>\r\n\t\t\t\t\t<i>\r\n\t\t\t\t\t\t<svg width=\"9\" height=\"9\" viewBox=\"0 0 9 9\" fill=\"none\" xmlns=\"http:\/\/www.w3.org\/2000\/svg\">\r\n\t\t\t\t\t\t\t<path d=\"M9.00431 0.872828C9.00431 0.458614 8.66852 0.122828 8.25431 0.122828L1.50431 0.122827C1.0901 0.122827 0.754309 0.458614 0.754309 0.872828C0.754309 1.28704 1.0901 1.62283 1.50431 1.62283H7.50431V7.62283C7.50431 8.03704 7.84009 8.37283 8.25431 8.37283C8.66852 8.37283 9.00431 8.03704 9.00431 7.62283L9.00431 0.872828ZM1.53033 8.65747L8.78464 1.40316L7.72398 0.342497L0.46967 7.59681L1.53033 8.65747Z\" fill=\"currentColor\"><\/path>\r\n\t\t\t\t\t\t<\/svg>\r\n\t\t\t\t\t<\/i>\r\n\t\t\t\t<\/span>\r\n\t\t\t<\/a>\r\n\t\t<\/div>\r\n\r\n\t\t\t\t\t\t<\/div>\n\t\t\t\t<\/div>\n\t\t\t\t<\/div>\n\t\t\t\t\t<\/div>\n\t\t\t\t<\/div>\n\t\t\t\t<\/div>\n\t\t","protected":false},"excerpt":{"rendered":"<p>Notre infrastructure d\u00e9di\u00e9e comprend: Une grande salle pl\u00e9ni\u00e8re spacieuse et modulable, capable d&rsquo;accueillir jusqu&rsquo;\u00e0 400 personnes, id\u00e9ale pour vos conf\u00e9rences, assembl\u00e9es g\u00e9n\u00e9rales ou d\u00eeners de gala. Deux salles de sous-commission confortables, chacune d&rsquo;une capacit\u00e9 de 25 personnes, parfaites pour des r\u00e9unions en petit comit\u00e9, des ateliers ou des sessions de travail cibl\u00e9es. Profitez de nos [&hellip;]<\/p>\n","protected":false},"author":1,"featured_media":0,"parent":0,"menu_order":0,"comment_status":"closed","ping_status":"closed","template":"","meta":{"_acf_changed":false,"footnotes":""},"class_list":["post-4548","page","type-page","status-publish","hentry"],"acf":[],"_links":{"self":[{"href":"http:\/\/djerbagolfresort.com\/fr\/wp-json\/wp\/v2\/pages\/4548","targetHints":{"allow":["GET"]}}],"collection":[{"href":"http:\/\/djerbagolfresort.com\/fr\/wp-json\/wp\/v2\/pages"}],"about":[{"href":"http:\/\/djerbagolfresort.com\/fr\/wp-json\/wp\/v2\/types\/page"}],"author":[{"embeddable":true,"href":"http:\/\/djerbagolfresort.com\/fr\/wp-json\/wp\/v2\/users\/1"}],"replies":[{"embeddable":true,"href":"http:\/\/djerbagolfresort.com\/fr\/wp-json\/wp\/v2\/comments?post=4548"}],"version-history":[{"count":48,"href":"http:\/\/djerbagolfresort.com\/fr\/wp-json\/wp\/v2\/pages\/4548\/revisions"}],"predecessor-version":[{"id":5698,"href":"http:\/\/djerbagolfresort.com\/fr\/wp-json\/wp\/v2\/pages\/4548\/revisions\/5698"}],"wp:attachment":[{"href":"http:\/\/djerbagolfresort.com\/fr\/wp-json\/wp\/v2\/media?parent=4548"}],"curies":[{"name":"wp","href":"https:\/\/api.w.org\/{rel}","templated":true}]}}