{"id":4591,"date":"2025-04-07T09:53:16","date_gmt":"2025-04-07T09:53:16","guid":{"rendered":"https:\/\/djerbagolfresort.com\/?page_id=4591"},"modified":"2026-03-26T15:18:08","modified_gmt":"2026-03-26T15:18:08","slug":"salus-golf-spa","status":"publish","type":"page","link":"http:\/\/djerbagolfresort.com\/fr\/salus-golf-spa\/","title":{"rendered":"Salus Golf Spa"},"content":{"rendered":"\t\t<div data-elementor-type=\"wp-page\" data-elementor-id=\"4591\" class=\"elementor elementor-4591\">\n\t\t\t\t<div class=\"elementor-element elementor-element-afed53d e-con-full e-flex e-con e-parent\" data-id=\"afed53d\" data-element_type=\"container\" data-e-type=\"container\">\n\t\t\t\t<div class=\"elementor-element elementor-element-ab30c38 elementor-widget__width-inherit elementor-widget elementor-widget-sp-menu-layout\" data-id=\"ab30c38\" data-element_type=\"widget\" data-e-type=\"widget\" data-widget_type=\"sp-menu-layout.default\">\n\t\t\t\t<div class=\"elementor-widget-container\">\n\t\t\t\t\t\r\n\t\t<div class=\"container\">\r\n\t\t\t<div class=\"row align-items-center cs_gap_y_40 cs_mobile_reverse\">\r\n                    <div class=\"col-lg-6\">\r\n                        <div class=\"cs_pr_110\">\r\n                            <div class=\"cs_section_heading cs_style_1\">\r\n                                <h2 class=\"cs_fs_67 cs_mb_18\">Salus Golf Spa<\/h2>\r\n                                <p class=\"mb-0\"><p>Le Centre Salus Golf Spa est un centre ultra moderne de bien \u00eatre et de baln\u00e9o th\u00e9rapie d\u2019une superficie totale de 1200 m2 avec une piscine couverte chauff\u00e9e du 01\/11 au 31\/03. R\u00e9alis\u00e9 par la \u201cSoci\u00e9t\u00e9 Hofer Italie\u201d avec les technologies les plus avanc\u00e9es, le centre Salus Golf Spa a \u00e9t\u00e9 con\u00e7u pour r\u00e9pondre \u00e0 tous vos d\u00e9sirs en vous proposant une multitude de soins et de massages. Une \u00e9quipe qualifi\u00e9e est \u00e0 votre disposition est \u00e0 votre disposition pour vous accompagner dans une exp\u00e9rience de relaxation totale et de bien \u00eatre sensoriel.<\/p><\/p>\r\n                            <\/div>\r\n                        <\/div>\r\n                    <\/div>\r\n                    <div class=\"col-lg-6\">\r\n                        <div class=\"cs_image_layer cs_style_4 position-relative cs_bg_filed cs_width_right_50_vw\" style=\"background-image:url(https:\/\/djerbagolfresort.com\/wp-content\/uploads\/2025\/05\/Salus-Golf-Spa-1.jpg)\"><\/div>\r\n                    <\/div>\r\n\t\t\t\t\r\n\t\t\t<\/div>\r\n\t\t<\/div>\t\t\t\t<\/div>\n\t\t\t\t<\/div>\n\t\t\t\t<div class=\"elementor-element elementor-element-244d7aa elementor-widget__width-inherit elementor-widget elementor-widget-sp-menu-layout\" data-id=\"244d7aa\" data-element_type=\"widget\" data-e-type=\"widget\" data-widget_type=\"sp-menu-layout.default\">\n\t\t\t\t<div class=\"elementor-widget-container\">\n\t\t\t\t\t\r\n\t\t<div class=\"container\">\r\n\t\t\t<div class=\"row align-items-center cs_gap_y_40 style-2\">\r\n                    <div class=\"col-lg-6\">\r\n                        <div class=\"cs_image_layer cs_style_4 position-relative cs_bg_filed cs_width_left_50_vw\" style=\"background-image:url(https:\/\/djerbagolfresort.com\/wp-content\/uploads\/2025\/05\/Salus-Golf-Spa-2.jpg)\"><\/div>\r\n                    <\/div>\r\n                    <div class=\"col-lg-6\">\r\n                        <div class=\"cs_pl_110\">\r\n                            <div class=\"cs_section_heading cs_style_1\">\r\n                                <p class=\"cs_section_subtitle cs_medium cs_letter_spacing_1 cs_mb_28 cs_mb_lg_15 text-uppercase\">The island of Djerba<\/p>\r\n                                <h2 class=\"cs_fs_67 cs_mb_18\"><\/h2>\r\n                                <p class=\"mb-0\"><div><div><div>Pour une exp\u00e9rience unique alliant d\u00e9tente totale et bien-\u00eatre de tous les sens.<\/div><br \/><div>Djerba Golf Resort &amp; Spa Hotel dispose d\u2019un centre de bien-\u00eatre et de baln\u00e9oth\u00e9rapie ultramoderne sur une superficie de 1 200 m\u00b2. R\u00e9alis\u00e9 par le groupe italien Hofer avec les technologies les plus avanc\u00e9es, il a \u00e9t\u00e9 con\u00e7u pour r\u00e9pondre aux attentes des clients \u00e0 travers une gamme de soins et de massages.<\/div><br \/><div>Notre \u00e9quipe hautement qualifi\u00e9e, dirig\u00e9e par un m\u00e9decin, est \u00e9galement \u00e0 votre disposition pour vous accompagner dans une exp\u00e9rience de d\u00e9tente totale et de bien-\u00eatre de tous les sens.<\/div><\/div><\/div><\/p>\r\n                            <\/div>\r\n                        <\/div>\r\n                    <\/div>\r\n                    \r\n\t\t\t\t\r\n\t\t\t<\/div>\r\n\t\t<\/div>\t\t\t\t<\/div>\n\t\t\t\t<\/div>\n\t\t\t\t<div class=\"elementor-element elementor-element-628d249 elementor-widget__width-inherit elementor-widget elementor-widget-sp-menu-layout\" data-id=\"628d249\" data-element_type=\"widget\" data-e-type=\"widget\" data-widget_type=\"sp-menu-layout.default\">\n\t\t\t\t<div class=\"elementor-widget-container\">\n\t\t\t\t\t\r\n\t\t<div class=\"container\">\r\n\t\t\t<div class=\"row align-items-center cs_gap_y_40 cs_mobile_reverse\">\r\n                    <div class=\"col-lg-6\">\r\n                        <div class=\"cs_pr_110\">\r\n                            <div class=\"cs_section_heading cs_style_1\">\r\n                                <h2 class=\"cs_fs_67 cs_mb_18\">\u00c9quipement<\/h2>\r\n                                <p class=\"mb-0\"><ul><li>Douches \u00e0 jet avec aromath\u00e9rapie et chromoth\u00e9rapie<\/li><li>Sauna su\u00e9dois avec aromath\u00e9rapie<\/li><li>Bain turc avec aromath\u00e9rapie et chromoth\u00e9rapie<\/li><li>Bain \u00e0 remous<\/li><li>Bain de boue et algues marines<\/li><li>Lits flottants chauds<\/li><li>Douche \u00e9cossaise<\/li><li>Douche Vichy<\/li><li>Fontaine de glace<\/li><li>Cabines de massage<\/li><li>Cabine de massage Shiatsu<\/li><li>Salle de repos et de relaxation et salle de tisanes<\/li><li>Centre de beaut\u00e9 et de coiffure<\/li><\/ul><\/p>\r\n                            <\/div>\r\n                        <\/div>\r\n                    <\/div>\r\n                    <div class=\"col-lg-6\">\r\n                        <div class=\"cs_image_layer cs_style_4 position-relative cs_bg_filed cs_width_right_50_vw\" style=\"background-image:url(https:\/\/djerbagolfresort.com\/wp-content\/uploads\/2025\/05\/Salus-Golf-Spa-3.jpg)\"><\/div>\r\n                    <\/div>\r\n\t\t\t\t\r\n\t\t\t<\/div>\r\n\t\t<\/div>\t\t\t\t<\/div>\n\t\t\t\t<\/div>\n\t\t\t\t<div class=\"elementor-element elementor-element-14a80dc elementor-widget__width-inherit elementor-widget elementor-widget-sp-menu-layout\" data-id=\"14a80dc\" data-element_type=\"widget\" data-e-type=\"widget\" data-widget_type=\"sp-menu-layout.default\">\n\t\t\t\t<div class=\"elementor-widget-container\">\n\t\t\t\t\t\r\n\t\t<div class=\"container\">\r\n\t\t\t<div class=\"row align-items-center cs_gap_y_40 cs_mobile_reverse\">\r\n                    <div class=\"col-lg-6\">\r\n                        <div class=\"cs_image_layer cs_style_4 position-relative cs_bg_filed cs_width_left_50_vw\" style=\"background-image:url(https:\/\/djerbagolfresort.com\/wp-content\/uploads\/2025\/05\/Salus-Golf-Spa-4.jpg)\"><\/div>\r\n                    <\/div>\r\n                    <div class=\"col-lg-6\">\r\n                        <div class=\"cs_pl_110\">\r\n                            <div class=\"cs_section_heading cs_style_1\">\r\n                                <h2 class=\"cs_fs_67 cs_mb_18\">Massages et Soins<\/h2>\r\n                                <p class=\"mb-0\"><ul>\n    <li>Massage relaxant et r\u00e9g\u00e9n\u00e9rant<\/li>\n    <li>Massage \"cou, cervicales, visage et t\u00eate\"<\/li>\n    <li>Massage anti-cellulite<\/li>\n    <li>Massage Shiatsu<\/li>\n    <li>Massage Ayurveda<\/li>\n    <li>Lits flottants chauds<\/li>\n    <li>Massage californien<\/li>\n    <li>Massage aux pierres<\/li>\n    <li>Massage hawa\u00efen<\/li>\n    <li>Drainage lymphatique manuel<\/li>\n    <li>Bain Rassul \"Fanghi\" (argile pour la peau et les cheveux)<\/li>\n    <li>Enveloppement d'algues<\/li>\n    <li>Hammam &amp; Gommage<\/li>\n    <li>R\u00e9flexologie<\/li>\n<\/ul><\/p>\r\n                            <\/div>\r\n                        <\/div>\r\n                    <\/div>\r\n                    \r\n\t\t\t\t\r\n\t\t\t<\/div>\r\n\t\t<\/div>\t\t\t\t<\/div>\n\t\t\t\t<\/div>\n\t\t\t\t<\/div>\n\t\t<div class=\"elementor-element elementor-element-c7e9417 e-flex e-con-boxed e-con e-parent\" data-id=\"c7e9417\" data-element_type=\"container\" data-e-type=\"container\" data-settings=\"{&quot;background_background&quot;:&quot;classic&quot;}\">\n\t\t\t\t\t<div class=\"e-con-inner\">\n\t\t<div class=\"elementor-element elementor-element-c36ec67 e-con-full e-flex e-con e-child\" data-id=\"c36ec67\" data-element_type=\"container\" data-e-type=\"container\">\n\t\t\t\t<div class=\"elementor-element elementor-element-c538bfc elementor-widget__width-inherit elementor-widget elementor-widget-sp-section-title\" data-id=\"c538bfc\" data-element_type=\"widget\" data-e-type=\"widget\" data-widget_type=\"sp-section-title.default\">\n\t\t\t\t<div class=\"elementor-widget-container\">\n\t\t\t\t\t\r\n\t\t\t<div class=\"cs_section_heading cs_style_1 text-center\">\r\n\t\t\t\t<h2 class=\"cs_fs_67 m-0\">Soin<\/h2>\r\n\t\t\t\t\t<div class=\"cs_mt_28 cs_section_desc\">\r\n\t\t\t\t\t\t<p>Le temple du bien-\u00eatre (programme de 3 jours)<\/p>\r\n\t\t\t\t\t<\/div>\r\n\t\t\t<\/div>\r\n\t\t\t\t\t\t\t<\/div>\n\t\t\t\t<\/div>\n\t\t\t\t<\/div>\n\t\t<div class=\"elementor-element elementor-element-0fe243b e-con-full e-flex e-con e-child\" data-id=\"0fe243b\" data-element_type=\"container\" data-e-type=\"container\">\n\t\t<div class=\"elementor-element elementor-element-0710f14 e-flex e-con-boxed e-con e-child\" data-id=\"0710f14\" data-element_type=\"container\" data-e-type=\"container\">\n\t\t\t\t\t<div class=\"e-con-inner\">\n\t\t\t\t<div class=\"elementor-element elementor-element-50ca0d8 elementor-widget elementor-widget-sp-number-feature\" data-id=\"50ca0d8\" data-element_type=\"widget\" data-e-type=\"widget\" data-widget_type=\"sp-number-feature.default\">\n\t\t\t\t<div class=\"elementor-widget-container\">\n\t\t\t\t\t\r\n         <div class=\"cs_feature_box cs_style_4\">\r\n            <div class=\"cs_feature_box_number cs_accent_color cs_fs_67 cs_mb_16\">01<\/div>\r\n            <h2 class=\"cs_feature_box_title cs_fs_38 cs_mb_19\"><\/h2>\r\n            <p class=\"cs_feature_box_description mb-0\"><ul>\n  <li>Hammam et gommage.<\/li>\n  <li>Sauna, douche \u00e9cossaise et fontaine de glace.<\/li>\n  <li>Massage au savon suivi d\u2019une douche.<\/li>\n  <li>Enveloppement de boue aux fleurs d\u2019oranger.<\/li>\n  <li>Massage relaxant de 25 minutes.<\/li>\n  <li>Relaxation dans la salle de repos, o\u00f9 vous serez servi(e) de tisanes et de th\u00e9 \u00e0 la menthe.<\/li>\n<\/ul><\/p>\r\n        <\/div>\t\t\t\t<\/div>\n\t\t\t\t<\/div>\n\t\t\t\t\t<\/div>\n\t\t\t\t<\/div>\n\t\t<div class=\"elementor-element elementor-element-575c88d e-flex e-con-boxed e-con e-child\" data-id=\"575c88d\" data-element_type=\"container\" data-e-type=\"container\">\n\t\t\t\t\t<div class=\"e-con-inner\">\n\t\t\t\t<div class=\"elementor-element elementor-element-90555cf elementor-widget elementor-widget-sp-number-feature\" data-id=\"90555cf\" data-element_type=\"widget\" data-e-type=\"widget\" data-widget_type=\"sp-number-feature.default\">\n\t\t\t\t<div class=\"elementor-widget-container\">\n\t\t\t\t\t\r\n         <div class=\"cs_feature_box cs_style_4\">\r\n            <div class=\"cs_feature_box_number cs_accent_color cs_fs_67 cs_mb_16\">02<\/div>\r\n            <h2 class=\"cs_feature_box_title cs_fs_38 cs_mb_19\"><\/h2>\r\n            <p class=\"cs_feature_box_description mb-0\"><ul>\n  <li>Bain aux huiles essentielles, p\u00e9tales de rose et s\u00e9rum d\u2019algues.<\/li>\n  <li>Sauna, douche \u00e9cossaise et fontaine de glace.<\/li>\n  <li>Massage tonifiant de 25 minutes aux huiles essentielles.<\/li>\n  <li>Relaxation dans la salle de repos, o\u00f9 vous serez servi(e) de tisanes et de th\u00e9 \u00e0 la menthe.<\/li>\n<\/ul><\/p>\r\n        <\/div>\t\t\t\t<\/div>\n\t\t\t\t<\/div>\n\t\t\t\t\t<\/div>\n\t\t\t\t<\/div>\n\t\t<div class=\"elementor-element elementor-element-dcd0c5c e-flex e-con-boxed e-con e-child\" data-id=\"dcd0c5c\" data-element_type=\"container\" data-e-type=\"container\">\n\t\t\t\t\t<div class=\"e-con-inner\">\n\t\t\t\t<div class=\"elementor-element elementor-element-786f1e3 elementor-widget elementor-widget-sp-number-feature\" data-id=\"786f1e3\" data-element_type=\"widget\" data-e-type=\"widget\" data-widget_type=\"sp-number-feature.default\">\n\t\t\t\t<div class=\"elementor-widget-container\">\n\t\t\t\t\t\r\n         <div class=\"cs_feature_box cs_style_4\">\r\n            <div class=\"cs_feature_box_number cs_accent_color cs_fs_67 cs_mb_16\">03<\/div>\r\n            <h2 class=\"cs_feature_box_title cs_fs_38 cs_mb_19\"><\/h2>\r\n            <p class=\"cs_feature_box_description mb-0\"><ul>\n  <li>Hammam et gommage \u00e0 l'Argan, huile d'olive et p\u00e2te de fruits.<\/li>\n  <li>Sauna, douche \u00e9cossaise et fontaine de glace.<\/li>\n  <li>Massage \u00e0 l'argile verte et au g\u00e9ranium.<\/li>\n  <li>Douche Vichy et massage de 25 minutes.<\/li>\n  <li>Relaxation dans la salle de repos, o\u00f9 vous serez servi(e) de tisanes et de th\u00e9 \u00e0 la menthe.<\/li>\n<\/ul><\/p>\r\n        <\/div>\t\t\t\t<\/div>\n\t\t\t\t<\/div>\n\t\t\t\t\t<\/div>\n\t\t\t\t<\/div>\n\t\t\t\t<\/div>\n\t\t\t\t\t<\/div>\n\t\t\t\t<\/div>\n\t\t<div class=\"elementor-element elementor-element-2bb2166 e-con-full e-flex e-con e-parent\" data-id=\"2bb2166\" data-element_type=\"container\" data-e-type=\"container\">\n\t\t\t\t<div class=\"elementor-element elementor-element-fe68d97 elementor-widget__width-inherit elementor-widget elementor-widget-sp-menu-layout\" data-id=\"fe68d97\" data-element_type=\"widget\" data-e-type=\"widget\" data-widget_type=\"sp-menu-layout.default\">\n\t\t\t\t<div class=\"elementor-widget-container\">\n\t\t\t\t\t\r\n\t\t<div class=\"container\">\r\n\t\t\t<div class=\"row align-items-center cs_gap_y_40 style-2\">\r\n                    <div class=\"col-lg-6\">\r\n                        <div class=\"cs_pr_110\">\r\n                            <div class=\"cs_section_heading cs_style_1\">\r\n                                <h2 class=\"cs_fs_67 cs_mb_18\">Golf Bien-\u00eatre (programme de soin d'une journ\u00e9e)<\/h2>\r\n                                <p class=\"mb-0\"><ul><li>Enveloppement d'algues dans un lit flottant.<\/li><li>Hammam et gommage.<\/li><li>Sauna, douche \u00e9cossaise et fontaine de glace.<\/li><li>Massage relaxant de 25 minutes.<\/li><li>Douche \u00e0 jet avec ar\u00f4mes tropicaux.<\/li><li>Relaxation dans la salle de repos, o\u00f9 vous serez servi(e) de tisanes et de th\u00e9 \u00e0 la menthe.<\/li><\/ul><\/p>\r\n                            <\/div>\r\n                        <\/div>\r\n                    <\/div>\r\n                    <div class=\"col-lg-6\">\r\n                        <div class=\"cs_image_layer cs_style_4 position-relative cs_bg_filed cs_width_right_50_vw\" style=\"background-image:url(https:\/\/djerbagolfresort.com\/wp-content\/uploads\/2025\/07\/SIL09025-scaled.jpg)\"><\/div>\r\n                    <\/div>\r\n\t\t\t\t\r\n\t\t\t<\/div>\r\n\t\t<\/div>\t\t\t\t<\/div>\n\t\t\t\t<\/div>\n\t\t\t\t<\/div>\n\t\t\t\t<\/div>\n\t\t","protected":false},"excerpt":{"rendered":"<p>Salus Golf Spa Le Centre Salus Golf Spa est un centre ultra moderne de bien \u00eatre et de baln\u00e9o th\u00e9rapie d\u2019une superficie totale de 1200 m2 avec une piscine couverte chauff\u00e9e du 01\/11 au 31\/03. R\u00e9alis\u00e9 par la \u201cSoci\u00e9t\u00e9 Hofer Italie\u201d avec les technologies les plus avanc\u00e9es, le centre Salus Golf Spa a \u00e9t\u00e9 con\u00e7u [&hellip;]<\/p>\n","protected":false},"author":1,"featured_media":0,"parent":0,"menu_order":0,"comment_status":"closed","ping_status":"closed","template":"","meta":{"_acf_changed":false,"footnotes":""},"class_list":["post-4591","page","type-page","status-publish","hentry"],"acf":[],"_links":{"self":[{"href":"http:\/\/djerbagolfresort.com\/fr\/wp-json\/wp\/v2\/pages\/4591","targetHints":{"allow":["GET"]}}],"collection":[{"href":"http:\/\/djerbagolfresort.com\/fr\/wp-json\/wp\/v2\/pages"}],"about":[{"href":"http:\/\/djerbagolfresort.com\/fr\/wp-json\/wp\/v2\/types\/page"}],"author":[{"embeddable":true,"href":"http:\/\/djerbagolfresort.com\/fr\/wp-json\/wp\/v2\/users\/1"}],"replies":[{"embeddable":true,"href":"http:\/\/djerbagolfresort.com\/fr\/wp-json\/wp\/v2\/comments?post=4591"}],"version-history":[{"count":35,"href":"http:\/\/djerbagolfresort.com\/fr\/wp-json\/wp\/v2\/pages\/4591\/revisions"}],"predecessor-version":[{"id":5678,"href":"http:\/\/djerbagolfresort.com\/fr\/wp-json\/wp\/v2\/pages\/4591\/revisions\/5678"}],"wp:attachment":[{"href":"http:\/\/djerbagolfresort.com\/fr\/wp-json\/wp\/v2\/media?parent=4591"}],"curies":[{"name":"wp","href":"https:\/\/api.w.org\/{rel}","templated":true}]}}